{"id":1821,"date":"2024-06-21T11:47:23","date_gmt":"2024-06-21T03:47:23","guid":{"rendered":"https:\/\/eflaflam.org\/enseignants\/enseignante-michelle\/"},"modified":"2025-02-01T08:26:26","modified_gmt":"2025-02-01T00:26:26","slug":"enseignante-michelle","status":"publish","type":"page","link":"https:\/\/eflaflam.org\/fr\/enseignants\/enseignante-michelle\/","title":{"rendered":"Enseignante Michelle"},"content":{"rendered":"<style>.kb-row-layout-id109_130c58-99 > .kt-row-column-wrap{align-content:center;}:where(.kb-row-layout-id109_130c58-99 > .kt-row-column-wrap) > .wp-block-kadence-column{justify-content:center;}.kb-row-layout-id109_130c58-99 > .kt-row-column-wrap{column-gap:var(--global-kb-gap-lg, 4rem);row-gap:var(--global-kb-gap-md, 2rem);max-width:var( --global-content-width, 1290px );padding-left:var(--global-content-edge-padding);padding-right:var(--global-content-edge-padding);padding-top:var(--global-kb-spacing-lg, 3rem);padding-bottom:var(--global-kb-spacing-lg, 3rem);grid-template-columns:minmax(0, 1fr);}.kb-row-layout-id109_130c58-99 > .kt-row-layout-overlay{opacity:0.30;}.kb-row-layout-id109_130c58-99 .kt-row-layout-bottom-sep{height:100px;}.kb-row-layout-id109_130c58-99 .kt-row-layout-bottom-sep svg{width:100%;}.kb-row-layout-id109_130c58-99 .kt-row-layout-bottom-sep svg{fill:var(--global-palette8, #F7FAFC)!important;}@media all and (max-width: 1024px){.kb-row-layout-id109_130c58-99 > .kt-row-column-wrap{grid-template-columns:minmax(0, 1fr);}}@media all and (max-width: 1024px){.kb-row-layout-id109_130c58-99 .kt-row-layout-bottom-sep{height:80px;}}@media all and (max-width: 1024px){.kb-row-layout-id109_130c58-99 .kt-row-layout-bottom-sep svg{width:%;}}@media all and (max-width: 767px){.kb-row-layout-wrap.wp-block-kadence-rowlayout.kb-row-layout-id109_130c58-99{margin-top:var(--global-kb-spacing-5xl, 10rem);}.kb-row-layout-id109_130c58-99 > .kt-row-column-wrap{padding-top:var(--global-kb-spacing-sm, 1.5rem);padding-bottom:var(--global-kb-spacing-sm, 1.5rem);grid-template-columns:minmax(0, 1fr);}.kb-row-layout-id109_130c58-99 .kt-row-layout-bottom-sep{height:60px;}.kb-row-layout-id109_130c58-99 .kt-row-layout-bottom-sep svg{width:%;}}<\/style><div class=\"kb-row-layout-wrap kb-row-layout-id109_130c58-99 alignfull has-theme-palette9-background-color kt-row-has-bg kb-divider-static wp-block-kadence-rowlayout\"><div class=\"kt-row-layout-bottom-sep kt-row-sep-type-crvi\"><svg viewBox=\"0 0 1000 100\" preserveAspectRatio=\"none\"><path d=\"M1000,0c0,0 -270.987,98 -500,98c-229.013,0 -500,-98 -500,-98l0,100l1000,0l0,-100Z\" \/><\/svg><\/div><div class=\"kt-row-column-wrap kt-has-1-columns kt-row-layout-equal kt-tab-layout-inherit kt-mobile-layout-row kt-row-valign-middle kb-theme-content-width\">\n<style>.kadence-column109_820b60-7c > .kt-inside-inner-col,.kadence-column109_820b60-7c > .kt-inside-inner-col:before{border-top-left-radius:0px;border-top-right-radius:0px;border-bottom-right-radius:0px;border-bottom-left-radius:0px;}.kadence-column109_820b60-7c > .kt-inside-inner-col{column-gap:var(--global-kb-gap-sm, 1rem);}.kadence-column109_820b60-7c > .kt-inside-inner-col{flex-direction:column;}.kadence-column109_820b60-7c > .kt-inside-inner-col > .aligncenter{width:100%;}.kadence-column109_820b60-7c > .kt-inside-inner-col:before{opacity:0.3;}.kadence-column109_820b60-7c{position:relative;}@media all and (max-width: 1024px){.kadence-column109_820b60-7c > .kt-inside-inner-col{flex-direction:column;justify-content:center;}}@media all and (max-width: 767px){.kadence-column109_820b60-7c > .kt-inside-inner-col{flex-direction:column;justify-content:center;}}<\/style>\n<div class=\"wp-block-kadence-column kadence-column109_820b60-7c inner-column-1\"><div class=\"kt-inside-inner-col\"><style>.wp-block-kadence-advancedheading.kt-adv-heading109_6029c3-aa, .wp-block-kadence-advancedheading.kt-adv-heading109_6029c3-aa[data-kb-block=\"kb-adv-heading109_6029c3-aa\"]{margin-top:0px;margin-bottom:var(--global-kb-spacing-sm, 1.5rem);text-align:center;font-size:var(--global-kb-font-size-xxl, 4rem);line-height:1;font-style:normal;text-transform:uppercase;}.wp-block-kadence-advancedheading.kt-adv-heading109_6029c3-aa mark.kt-highlight, .wp-block-kadence-advancedheading.kt-adv-heading109_6029c3-aa[data-kb-block=\"kb-adv-heading109_6029c3-aa\"] mark.kt-highlight{font-style:normal;color:#f76a0c;-webkit-box-decoration-break:clone;box-decoration-break:clone;padding-top:0px;padding-right:0px;padding-bottom:0px;padding-left:0px;}.wp-block-kadence-advancedheading.kt-adv-heading109_6029c3-aa img.kb-inline-image, .wp-block-kadence-advancedheading.kt-adv-heading109_6029c3-aa[data-kb-block=\"kb-adv-heading109_6029c3-aa\"] img.kb-inline-image{width:150px;vertical-align:baseline;}@media all and (max-width: 1024px){.wp-block-kadence-advancedheading.kt-adv-heading109_6029c3-aa, .wp-block-kadence-advancedheading.kt-adv-heading109_6029c3-aa[data-kb-block=\"kb-adv-heading109_6029c3-aa\"]{font-size:80px;}}@media all and (max-width: 767px){.wp-block-kadence-advancedheading.kt-adv-heading109_6029c3-aa, .wp-block-kadence-advancedheading.kt-adv-heading109_6029c3-aa[data-kb-block=\"kb-adv-heading109_6029c3-aa\"]{font-size:40px;line-height:1.2;}}<\/style>\n<h1 class=\"kt-adv-heading109_6029c3-aa wp-block-kadence-advancedheading has-theme-palette-3-color has-text-color\" data-kb-block=\"kb-adv-heading109_6029c3-aa\">Enseignante Michelle<\/h1>\n<\/div><\/div>\n\n<\/div><\/div><style>.kb-row-layout-id109_8b354f-27 > .kt-row-column-wrap{align-content:start;}:where(.kb-row-layout-id109_8b354f-27 > .kt-row-column-wrap) > .wp-block-kadence-column{justify-content:start;}.kb-row-layout-id109_8b354f-27 > .kt-row-column-wrap{column-gap:var(--global-kb-gap-md, 2rem);row-gap:var(--global-kb-gap-md, 2rem);max-width:var( --global-content-width, 1290px );padding-left:var(--global-content-edge-padding);padding-right:var(--global-content-edge-padding);padding-top:var(--global-kb-spacing-md, 2rem);padding-bottom:var(--global-kb-spacing-md, 2rem);grid-template-columns:minmax(0, 1fr);}.kb-row-layout-id109_8b354f-27 > .kt-row-layout-overlay{opacity:0.30;}@media all and (max-width: 1024px){.kb-row-layout-id109_8b354f-27 > .kt-row-column-wrap{grid-template-columns:minmax(0, 1fr);}}@media all and (max-width: 767px){.kb-row-layout-id109_8b354f-27 > .kt-row-column-wrap{padding-top:var(--global-kb-spacing-sm, 1.5rem);grid-template-columns:minmax(0, 1fr);}}<\/style><div class=\"kb-row-layout-wrap kb-row-layout-id109_8b354f-27 alignfull has-theme-palette8-background-color kt-row-has-bg wp-block-kadence-rowlayout\"><div class=\"kt-row-column-wrap kt-has-1-columns kt-row-layout-equal kt-tab-layout-inherit kt-mobile-layout-row kt-row-valign-top kb-theme-content-width\">\n<style>.kadence-column109_df71fe-a1 > .kt-inside-inner-col,.kadence-column109_df71fe-a1 > .kt-inside-inner-col:before{border-top-left-radius:0px;border-top-right-radius:0px;border-bottom-right-radius:0px;border-bottom-left-radius:0px;}.kadence-column109_df71fe-a1 > .kt-inside-inner-col{column-gap:var(--global-kb-gap-sm, 1rem);}.kadence-column109_df71fe-a1 > .kt-inside-inner-col{flex-direction:column;}.kadence-column109_df71fe-a1 > .kt-inside-inner-col > .aligncenter{width:100%;}.kadence-column109_df71fe-a1 > .kt-inside-inner-col:before{opacity:0.3;}.kadence-column109_df71fe-a1{position:relative;}@media all and (max-width: 1024px){.kadence-column109_df71fe-a1 > .kt-inside-inner-col{flex-direction:column;justify-content:center;}}@media all and (max-width: 767px){.kadence-column109_df71fe-a1 > .kt-inside-inner-col{flex-direction:column;justify-content:center;}}<\/style>\n<div class=\"wp-block-kadence-column kadence-column109_df71fe-a1 inner-column-1\"><div class=\"kt-inside-inner-col\"><style>.kb-row-layout-id109_648169-98 > .kt-row-column-wrap{align-content:center;}:where(.kb-row-layout-id109_648169-98 > .kt-row-column-wrap) > .wp-block-kadence-column{justify-content:center;}.kb-row-layout-id109_648169-98 > .kt-row-column-wrap{column-gap:80px;row-gap:var(--global-kb-gap-md, 2rem);padding-top:var(--global-kb-spacing-xs, 1rem);padding-bottom:0px;grid-template-columns:minmax(0, 1fr) minmax(0, 2fr);}.kb-row-layout-id109_648169-98 > .kt-row-layout-overlay{opacity:0.30;}@media all and (max-width: 1024px){.kb-row-layout-id109_648169-98 > .kt-row-column-wrap{grid-template-columns:minmax(0, 1fr) minmax(0, 2fr);}}@media all and (max-width: 767px){.kb-row-layout-id109_648169-98 > .kt-row-column-wrap{grid-template-columns:minmax(0, 1fr);}}<\/style><div class=\"kb-row-layout-wrap kb-row-layout-id109_648169-98 alignnone wp-block-kadence-rowlayout\"><div class=\"kt-row-column-wrap kt-has-2-columns kt-row-layout-right-golden kt-tab-layout-inherit kt-mobile-layout-row kt-row-valign-middle\">\n<style>.kadence-column109_d2c88e-5d > .kt-inside-inner-col{padding-top:var(--global-kb-spacing-sm, 1.5rem);padding-right:var(--global-kb-spacing-sm, 1.5rem);padding-bottom:var(--global-kb-spacing-sm, 1.5rem);padding-left:var(--global-kb-spacing-sm, 1.5rem);}.kadence-column109_d2c88e-5d > .kt-inside-inner-col,.kadence-column109_d2c88e-5d > .kt-inside-inner-col:before{border-top-left-radius:0px;border-top-right-radius:0px;border-bottom-right-radius:0px;border-bottom-left-radius:0px;}.kadence-column109_d2c88e-5d > .kt-inside-inner-col{column-gap:var(--global-kb-gap-sm, 1rem);}.kadence-column109_d2c88e-5d > .kt-inside-inner-col{flex-direction:column;}.kadence-column109_d2c88e-5d > .kt-inside-inner-col > .aligncenter{width:100%;}.kadence-column109_d2c88e-5d > .kt-inside-inner-col{background-color:var(--global-palette9, #ffffff);}.kadence-column109_d2c88e-5d > .kt-inside-inner-col:before{opacity:0.3;}.kadence-column109_d2c88e-5d{position:relative;}@media all and (max-width: 1024px){.kadence-column109_d2c88e-5d > .kt-inside-inner-col{flex-direction:column;justify-content:center;}}@media all and (max-width: 767px){.kadence-column109_d2c88e-5d > .kt-inside-inner-col{flex-direction:column;justify-content:center;}}<\/style>\n<div class=\"wp-block-kadence-column kadence-column109_d2c88e-5d inner-column-1\"><div class=\"kt-inside-inner-col\"><style>.kb-image109_16a211-ca .kb-image-has-overlay:after{opacity:0.3;}<\/style>\n<figure class=\"wp-block-kadence-image kb-image109_16a211-ca kb-image-is-ratio-size\"><div class=\"kb-is-ratio-image kb-image-ratio-port34\"><img decoding=\"async\" width=\"574\" height=\"574\" data-src=\"https:\/\/eflaflam.org\/wp-content\/uploads\/2024\/06\/michelle.jpg\" alt=\"\" class=\"kb-img wp-image-78 lazyload\" data-srcset=\"https:\/\/eflaflam.org\/wp-content\/uploads\/2024\/06\/michelle.jpg 574w, https:\/\/eflaflam.org\/wp-content\/uploads\/2024\/06\/michelle-100x100.jpg 100w, https:\/\/eflaflam.org\/wp-content\/uploads\/2024\/06\/michelle-300x300.jpg 300w, https:\/\/eflaflam.org\/wp-content\/uploads\/2024\/06\/michelle-150x150.jpg 150w\" data-sizes=\"(max-width: 574px) 100vw, 574px\" src=\"data:image\/svg+xml;base64,PHN2ZyB3aWR0aD0iMSIgaGVpZ2h0PSIxIiB4bWxucz0iaHR0cDovL3d3dy53My5vcmcvMjAwMC9zdmciPjwvc3ZnPg==\" style=\"--smush-placeholder-width: 574px; --smush-placeholder-aspect-ratio: 574\/574;\" \/><\/div><\/figure>\n\n\n<style>.kadence-column109_d6d758-76 > .kt-inside-inner-col{display:flex;}.kadence-column109_d6d758-76{max-width:80%;margin-left:auto;margin-right:auto;}.wp-block-kadence-column.kb-section-dir-horizontal:not(.kb-section-md-dir-vertical)>.kt-inside-inner-col>.kadence-column109_d6d758-76{-webkit-flex:0 1 80%;flex:0 1 80%;max-width:unset;margin-left:unset;margin-right:unset;}.kadence-column109_d6d758-76 > .kt-inside-inner-col,.kadence-column109_d6d758-76 > .kt-inside-inner-col:before{border-top-left-radius:0px;border-top-right-radius:0px;border-bottom-right-radius:0px;border-bottom-left-radius:0px;}.kadence-column109_d6d758-76 > .kt-inside-inner-col{column-gap:var(--global-kb-gap-sm, 1rem);}.kadence-column109_d6d758-76 > .kt-inside-inner-col{flex-direction:column;align-items:flex-start;}.kadence-column109_d6d758-76 > .kt-inside-inner-col > .kb-image-is-ratio-size{align-self:stretch;}.kadence-column109_d6d758-76 > .kt-inside-inner-col > .wp-block-kadence-advancedgallery{align-self:stretch;}.kadence-column109_d6d758-76 > .kt-inside-inner-col > .aligncenter{width:100%;}.kadence-column109_d6d758-76 > .kt-inside-inner-col:before{opacity:0.3;}.kadence-column109_d6d758-76{position:relative;}.kadence-column109_d6d758-76, .kt-inside-inner-col > .kadence-column109_d6d758-76:not(.specificity){margin-left:0px;}@media all and (min-width: 1025px){.wp-block-kadence-column.kb-section-dir-horizontal>.kt-inside-inner-col>.kadence-column109_d6d758-76{-webkit-flex:0 1 80%;flex:0 1 80%;max-width:unset;margin-left:unset;margin-right:unset;}}@media all and (max-width: 1024px){.kadence-column109_d6d758-76 > .kt-inside-inner-col{flex-direction:column;justify-content:center;align-items:flex-start;}}@media all and (max-width: 767px){.wp-block-kadence-column.kb-section-sm-dir-vertical:not(.kb-section-sm-dir-horizontal):not(.kb-section-sm-dir-specificity)>.kt-inside-inner-col>.kadence-column109_d6d758-76{max-width:80%;-webkit-flex:1;flex:1;margin-left:auto;margin-right:auto;}.kadence-column109_d6d758-76 > .kt-inside-inner-col{flex-direction:column;justify-content:center;align-items:flex-start;}}<\/style>\n<div class=\"wp-block-kadence-column kadence-column109_d6d758-76\"><div class=\"kt-inside-inner-col\"><style>.kadence-column109_bee1dc-7b > .kt-inside-inner-col{padding-top:var(--global-kb-spacing-sm, 1.5rem);padding-right:var(--global-kb-spacing-sm, 1.5rem);padding-bottom:0px;padding-left:0px;}.kadence-column109_bee1dc-7b > .kt-inside-inner-col,.kadence-column109_bee1dc-7b > .kt-inside-inner-col:before{border-top-left-radius:0px;border-top-right-radius:0px;border-bottom-right-radius:0px;border-bottom-left-radius:0px;}.kadence-column109_bee1dc-7b > .kt-inside-inner-col{column-gap:var(--global-kb-gap-sm, 1rem);}.kadence-column109_bee1dc-7b > .kt-inside-inner-col{flex-direction:column;}.kadence-column109_bee1dc-7b > .kt-inside-inner-col > .aligncenter{width:100%;}.kadence-column109_bee1dc-7b > .kt-inside-inner-col{background-color:var(--global-palette9, #ffffff);}.kadence-column109_bee1dc-7b > .kt-inside-inner-col:before{opacity:0.3;}.kadence-column109_bee1dc-7b{position:relative;}.kadence-column109_bee1dc-7b, .kt-inside-inner-col > .kadence-column109_bee1dc-7b:not(.specificity){margin-top:-60px;}@media all and (max-width: 1024px){.kadence-column109_bee1dc-7b > .kt-inside-inner-col{flex-direction:column;justify-content:center;}}@media all and (max-width: 767px){.kadence-column109_bee1dc-7b > .kt-inside-inner-col{flex-direction:column;justify-content:center;}}<\/style>\n<div class=\"wp-block-kadence-column kadence-column109_bee1dc-7b\"><div class=\"kt-inside-inner-col\"><style>.wp-block-kadence-advancedheading.kt-adv-heading109_b3d3c8-a5, .wp-block-kadence-advancedheading.kt-adv-heading109_b3d3c8-a5[data-kb-block=\"kb-adv-heading109_b3d3c8-a5\"]{margin-top:0px;font-weight:700;font-style:normal;text-transform:uppercase;}.wp-block-kadence-advancedheading.kt-adv-heading109_b3d3c8-a5 mark.kt-highlight, .wp-block-kadence-advancedheading.kt-adv-heading109_b3d3c8-a5[data-kb-block=\"kb-adv-heading109_b3d3c8-a5\"] mark.kt-highlight{font-style:normal;color:#f76a0c;-webkit-box-decoration-break:clone;box-decoration-break:clone;padding-top:0px;padding-right:0px;padding-bottom:0px;padding-left:0px;}.wp-block-kadence-advancedheading.kt-adv-heading109_b3d3c8-a5 img.kb-inline-image, .wp-block-kadence-advancedheading.kt-adv-heading109_b3d3c8-a5[data-kb-block=\"kb-adv-heading109_b3d3c8-a5\"] img.kb-inline-image{width:150px;vertical-align:baseline;}<\/style>\n<div class=\"kt-adv-heading109_b3d3c8-a5 wp-block-kadence-advancedheading\" data-kb-block=\"kb-adv-heading109_b3d3c8-a5\">Michelle<\/div>\n\n\n<style>.wp-block-kadence-advancedheading.kt-adv-heading109_c97139-14, .wp-block-kadence-advancedheading.kt-adv-heading109_c97139-14[data-kb-block=\"kb-adv-heading109_c97139-14\"]{font-size:var(--global-kb-font-size-sm, 0.9rem);font-style:normal;}.wp-block-kadence-advancedheading.kt-adv-heading109_c97139-14 mark.kt-highlight, .wp-block-kadence-advancedheading.kt-adv-heading109_c97139-14[data-kb-block=\"kb-adv-heading109_c97139-14\"] mark.kt-highlight{font-style:normal;color:#f76a0c;-webkit-box-decoration-break:clone;box-decoration-break:clone;padding-top:0px;padding-right:0px;padding-bottom:0px;padding-left:0px;}.wp-block-kadence-advancedheading.kt-adv-heading109_c97139-14 img.kb-inline-image, .wp-block-kadence-advancedheading.kt-adv-heading109_c97139-14[data-kb-block=\"kb-adv-heading109_c97139-14\"] img.kb-inline-image{width:150px;vertical-align:baseline;}<\/style>\n<div class=\"kt-adv-heading109_c97139-14 wp-block-kadence-advancedheading\" data-kb-block=\"kb-adv-heading109_c97139-14\">AP French<\/div>\n\n\n<style>.wp-block-kadence-advancedheading.kt-adv-heading109_28abab-15, .wp-block-kadence-advancedheading.kt-adv-heading109_28abab-15[data-kb-block=\"kb-adv-heading109_28abab-15\"]{font-size:var(--global-kb-font-size-sm, 0.9rem);font-style:normal;}.wp-block-kadence-advancedheading.kt-adv-heading109_28abab-15 mark.kt-highlight, .wp-block-kadence-advancedheading.kt-adv-heading109_28abab-15[data-kb-block=\"kb-adv-heading109_28abab-15\"] mark.kt-highlight{font-style:normal;color:#f76a0c;-webkit-box-decoration-break:clone;box-decoration-break:clone;padding-top:0px;padding-right:0px;padding-bottom:0px;padding-left:0px;}.wp-block-kadence-advancedheading.kt-adv-heading109_28abab-15 img.kb-inline-image, .wp-block-kadence-advancedheading.kt-adv-heading109_28abab-15[data-kb-block=\"kb-adv-heading109_28abab-15\"] img.kb-inline-image{width:150px;vertical-align:baseline;}<\/style>\n<div class=\"kt-adv-heading109_28abab-15 wp-block-kadence-advancedheading\" data-kb-block=\"kb-adv-heading109_28abab-15\"><a href=\"https:\/\/startertemplatecloud.com\/e28\/#\"><\/a><\/div>\n<\/div><\/div>\n<\/div><\/div>\n<\/div><\/div>\n\n\n<style>.kadence-column109_c69466-dc > .kt-inside-inner-col,.kadence-column109_c69466-dc > .kt-inside-inner-col:before{border-top-left-radius:0px;border-top-right-radius:0px;border-bottom-right-radius:0px;border-bottom-left-radius:0px;}.kadence-column109_c69466-dc > .kt-inside-inner-col{column-gap:var(--global-kb-gap-sm, 1rem);}.kadence-column109_c69466-dc > .kt-inside-inner-col{flex-direction:column;}.kadence-column109_c69466-dc > .kt-inside-inner-col > .aligncenter{width:100%;}.kadence-column109_c69466-dc > .kt-inside-inner-col:before{opacity:0.3;}.kadence-column109_c69466-dc{position:relative;}@media all and (max-width: 1024px){.kadence-column109_c69466-dc > .kt-inside-inner-col{flex-direction:column;justify-content:center;}}@media all and (max-width: 767px){.kadence-column109_c69466-dc > .kt-inside-inner-col{flex-direction:column;justify-content:center;}}<\/style>\n<div class=\"wp-block-kadence-column kadence-column109_c69466-dc\"><div class=\"kt-inside-inner-col\">\n<p>Je suis n\u00e9 \u00e0 Paris et j&rsquo;ai pass\u00e9 la plus grande partie de mon enfance en Auvergne, pr\u00e8s de Clermont-Ferrand.<\/p>\n\n\n\n<p>Mon mari, mes deux enfants et moi-m\u00eame sommes arriv\u00e9s en Californie en 1993.<\/p>\n\n\n\n<p>L&rsquo;une de mes grandes passions est d&rsquo;enseigner le fran\u00e7ais et j&rsquo;ai la chance de le faire depuis plus de 15 ans maintenant, \u00e0 tous les niveaux, langue maternelle ou seconde, enfants, adolescents et adultes.<\/p>\n\n\n\n<p>Pendant de nombreuses ann\u00e9es, j&rsquo;ai \u00e9t\u00e9 responsable d&rsquo;un centre de tutorat priv\u00e9 \u00e0 Newport Beach et j&rsquo;ai enseign\u00e9 dans diff\u00e9rentes \u00e9coles priv\u00e9es. J&rsquo;ai donc de l&rsquo;exp\u00e9rience en mati\u00e8re de cours particuliers et de classes.<\/p>\n\n\n\n<p>Je suis ravie de rejoindre cette \u00e9quipe dynamique.<\/p>\n<\/div><\/div>\n\n<\/div><\/div><\/div><\/div>\n\n<\/div><\/div>","protected":false},"excerpt":{"rendered":"<p>Enseignante Michelle Michelle AP French Je suis n\u00e9 \u00e0 Paris et j&rsquo;ai pass\u00e9 la plus grande partie de mon enfance en Auvergne, pr\u00e8s de Clermont-Ferrand. Mon mari, mes deux enfants et moi-m\u00eame sommes arriv\u00e9s en Californie en 1993. L&rsquo;une de mes grandes passions est d&rsquo;enseigner le fran\u00e7ais et j&rsquo;ai la chance de le faire depuis&#8230;<\/p>\n","protected":false},"author":1,"featured_media":0,"parent":1780,"menu_order":0,"comment_status":"closed","ping_status":"closed","template":"","meta":{"_kad_blocks_custom_css":"","_kad_blocks_head_custom_js":"","_kad_blocks_body_custom_js":"","_kad_blocks_footer_custom_js":"","_kad_post_transparent":"","_kad_post_title":"hide","_kad_post_layout":"","_kad_post_sidebar_id":"","_kad_post_content_style":"","_kad_post_vertical_padding":"","_kad_post_feature":"","_kad_post_feature_position":"","_kad_post_header":false,"_kad_post_footer":false,"_kad_post_classname":"","footnotes":""},"class_list":["post-1821","page","type-page","status-publish","hentry"],"taxonomy_info":[],"featured_image_src_large":false,"author_info":{"display_name":"Alexia4APF","author_link":"https:\/\/eflaflam.org\/fr\/author\/alexia4apf\/"},"comment_info":0,"_links":{"self":[{"href":"https:\/\/eflaflam.org\/fr\/wp-json\/wp\/v2\/pages\/1821","targetHints":{"allow":["GET"]}}],"collection":[{"href":"https:\/\/eflaflam.org\/fr\/wp-json\/wp\/v2\/pages"}],"about":[{"href":"https:\/\/eflaflam.org\/fr\/wp-json\/wp\/v2\/types\/page"}],"author":[{"embeddable":true,"href":"https:\/\/eflaflam.org\/fr\/wp-json\/wp\/v2\/users\/1"}],"replies":[{"embeddable":true,"href":"https:\/\/eflaflam.org\/fr\/wp-json\/wp\/v2\/comments?post=1821"}],"version-history":[{"count":0,"href":"https:\/\/eflaflam.org\/fr\/wp-json\/wp\/v2\/pages\/1821\/revisions"}],"up":[{"embeddable":true,"href":"https:\/\/eflaflam.org\/fr\/wp-json\/wp\/v2\/pages\/1780"}],"wp:attachment":[{"href":"https:\/\/eflaflam.org\/fr\/wp-json\/wp\/v2\/media?parent=1821"}],"curies":[{"name":"wp","href":"https:\/\/api.w.org\/{rel}","templated":true}]}}